{"id":903,"date":"2021-11-03T11:05:01","date_gmt":"2021-11-03T10:05:01","guid":{"rendered":"https:\/\/kirschner-und-sohn-2021-09-03.aw003.de\/?page_id=903"},"modified":"2023-05-10T16:57:33","modified_gmt":"2023-05-10T14:57:33","slug":"calibrate","status":"publish","type":"page","link":"https:\/\/frequent-gebr-hartkopf.aweos.dev\/en\/services\/calibrate\/","title":{"rendered":"Calibrate"},"content":{"rendered":"<p>[et_pb_section fb_built=&#8221;1&#8243; module_class=&#8221;ds-section bild-text-unterseite&#8221; _builder_version=&#8221;4.16&#8243; _module_preset=&#8221;default&#8221; global_colors_info=&#8221;{}&#8221;][et_pb_row column_structure=&#8221;1_2,1_2&#8243; _builder_version=&#8221;4.16&#8243; _module_preset=&#8221;default&#8221; global_colors_info=&#8221;{}&#8221;][et_pb_column type=&#8221;1_2&#8243; _builder_version=&#8221;4.16&#8243; _module_preset=&#8221;default&#8221; global_colors_info=&#8221;{}&#8221;][et_pb_text _builder_version=&#8221;4.21.0&#8243; _module_preset=&#8221;default&#8221; hover_enabled=&#8221;0&#8243; global_colors_info=&#8221;{}&#8221; sticky_enabled=&#8221;0&#8243;]<\/p>\n<h2>Calibrate<\/h2>\n<p>Gebr. Hartkopf is your reliable partner for high-quality forged parts with highest precision. We work with state-of-the-art technology and highly qualified employees to always offer our customers the best quality and high dimensional accuracy. Our thickness tolerance in forging is 0.4 mm. But by calibrating we can reduce this tolerance to 0.1 mm &#8211; 0.2 mm, depending on customer requirements and material. For this we use several toggle presses as well as screw presses in different sizes. In addition to dimensional accuracy, we also achieve optimum straightness and parallelism of the workpieces through calibration. For some customers, we also offer the possibility of engraving lettering &#8211; mostly on customer request and as far as technically possible. In this way, we can offer you an individual and customized solution that is tailored exactly to your requirements. Our goal is to offer you the highest quality and the greatest possible customer satisfaction at all times. Please feel free to contact us if you have any further questions or would like an individual offer. Gebr. Hartkopf &#8211; your reliable partner for precise forged parts.[\/et_pb_text][\/et_pb_column][et_pb_column type=&#8221;1_2&#8243; _builder_version=&#8221;4.16&#8243; _module_preset=&#8221;default&#8221; global_colors_info=&#8221;{}&#8221;][et_pb_image src=&#8221;https:\/\/frequent-gebr-hartkopf.aweos.dev\/wp-content\/uploads\/2022\/11\/kalibrieren.jpg&#8221; title_text=&#8221;kalibrieren&#8221; module_class=&#8221;frontimage&#8221; _builder_version=&#8221;4.17.4&#8243; _module_preset=&#8221;default&#8221; global_colors_info=&#8221;{}&#8221;][\/et_pb_image][\/et_pb_column][\/et_pb_row][\/et_pb_section][et_pb_section fb_built=&#8221;1&#8243; admin_label=&#8221;Kontakt&#8221; module_id=&#8221;kontakt-sektion&#8221; module_class=&#8221;blue&#8221; _builder_version=&#8221;4.17.4&#8243; _module_preset=&#8221;default&#8221; global_module=&#8221;1751&#8243; global_colors_info=&#8221;{}&#8221;][et_pb_row column_structure=&#8221;1_2,1_2&#8243; module_class=&#8221;formular-row&#8221; _builder_version=&#8221;4.16&#8243; _module_preset=&#8221;default&#8221; global_colors_info=&#8221;{}&#8221;][et_pb_column type=&#8221;1_2&#8243; _builder_version=&#8221;4.16&#8243; _module_preset=&#8221;default&#8221; global_colors_info=&#8221;{}&#8221;][et_pb_text _builder_version=&#8221;4.17.4&#8243; _module_preset=&#8221;default&#8221; global_colors_info=&#8221;{}&#8221;]<\/p>\n<h3>NO-BINDING ADVICE<\/h3>\n<p>Contact us by phone or email. We look forward to your inquiry!<br \/>\n<a href=\"tel:+49212242220\" class=\"phone\">+49 (0)212 \/ 24 222 \u2013 0<\/a><a    class=\"kontakt mail-cloak-email\" href=\"#\" data-email-method=\"matrix\" data-email-value=\"lqir#kduwnrsi.gh\" data-email-mailto=\"pdlowr:lqir#kduwnrsi.gh\" data-email-default-character=\"*\" data-email-time=\"true\" data-email-delay=\"1\">****************<\/a><a href=\"https:\/\/goo.gl\/maps\/uMPg9pShco4K1QaZ9\" target=\"_blank\" class=\"location\" rel=\"noopener\">Bismarckstr. 18 \u2013 26, 42659 Solingen<\/a><br \/>\nTelefax: +49 (0)212 \/ 24 222 \u2013 99[\/et_pb_text][\/et_pb_column][et_pb_column type=&#8221;1_2&#8243; _builder_version=&#8221;4.16&#8243; _module_preset=&#8221;default&#8221; global_colors_info=&#8221;{}&#8221;][et_pb_code module_class=&#8221;form1&#8243; _builder_version=&#8221;4.17.4&#8243; _module_preset=&#8221;default&#8221; global_colors_info=&#8221;{}&#8221;]\n<div class=\"wpcf7 no-js\" id=\"wpcf7-f1508-o1\" lang=\"de-DE\" dir=\"ltr\" data-wpcf7-id=\"1508\">\n<div class=\"screen-reader-response\"><p role=\"status\" aria-live=\"polite\" aria-atomic=\"true\"><\/p> <ul><\/ul><\/div>\n<form action=\"\/en\/wp-json\/wp\/v2\/pages\/903#wpcf7-f1508-o1\" method=\"post\" class=\"wpcf7-form init wpcf7-acceptance-as-validation\" aria-label=\"Kontaktformular\" novalidate=\"novalidate\" data-status=\"init\">\n<fieldset class=\"hidden-fields-container\"><input type=\"hidden\" name=\"_wpcf7\" value=\"1508\" \/><input type=\"hidden\" name=\"_wpcf7_version\" value=\"6.1.2\" \/><input type=\"hidden\" name=\"_wpcf7_locale\" value=\"de_DE\" \/><input type=\"hidden\" name=\"_wpcf7_unit_tag\" value=\"wpcf7-f1508-o1\" \/><input type=\"hidden\" name=\"_wpcf7_container_post\" value=\"0\" \/><input type=\"hidden\" name=\"_wpcf7_posted_data_hash\" value=\"\" \/>\n<\/fieldset>\n<h4>Request a consultation now\n<\/h4>\n<p class=\"person\">Our expert Thilo M\u00f6ller will get back to you as soon as possible.\n<\/p>\n<div class=\"wps-form\">\n\t<div class=\"wps-form-row\">\n\t\t<div class=\"wps-form-column kuerzer\">\n\t\t\t<p><label>Salutation*<\/label><span class=\"wpcf7-form-control-wrap\" data-name=\"menu-628\"><select class=\"wpcf7-form-control wpcf7-select wpcf7-validates-as-required\" aria-required=\"true\" aria-invalid=\"false\" name=\"menu-628\"><option value=\"\">Please select<\/option><option value=\"Mrs.\">Mrs.<\/option><option value=\"Mr.\">Mr.<\/option><option value=\"Divers\">Divers<\/option><\/select><\/span>\n\t\t\t<\/p>\n\t\t<\/div>\n\t\t<div class=\"wps-form-column\">\n\t\t\t<p><label>Your Name*<\/label><span class=\"wpcf7-form-control-wrap\" data-name=\"kundenname\"><input size=\"40\" maxlength=\"400\" class=\"wpcf7-form-control wpcf7-text wpcf7-validates-as-required\" aria-required=\"true\" aria-invalid=\"false\" placeholder=\"Max Mustermann\" value=\"\" type=\"text\" name=\"kundenname\" \/><\/span>\n\t\t\t<\/p>\n\t\t<\/div>\n\t<\/div>\n\t<div class=\"wps-form-row\">\n\t\t<div class=\"wps-form-column kuerzer\">\n\t\t\t<p><label>Your Mail*<\/label><span class=\"wpcf7-form-control-wrap\" data-name=\"your-email\"><input size=\"40\" maxlength=\"400\" class=\"wpcf7-form-control wpcf7-email wpcf7-validates-as-required wpcf7-text wpcf7-validates-as-email\" aria-required=\"true\" aria-invalid=\"false\" placeholder=\"mustermann@gmail.com\" value=\"\" type=\"email\" name=\"your-email\" \/><\/span>\n\t\t\t<\/p>\n\t\t<\/div>\n\t\t<div class=\"wps-form-column\">\n\t\t\t<p><label>Your Phonenumber<\/label><span class=\"wpcf7-form-control-wrap\" data-name=\"telefonnummer\"><input size=\"40\" maxlength=\"400\" class=\"wpcf7-form-control wpcf7-tel wpcf7-text wpcf7-validates-as-tel\" aria-invalid=\"false\" placeholder=\"0212 123456\" value=\"\" type=\"tel\" name=\"telefonnummer\" \/><\/span>\n\t\t\t<\/p>\n\t\t<\/div>\n\t<\/div>\n\t<div class=\"wps-form-row\">\n\t\t<div class=\"wps-form-column\">\n\t\t\t<p><label>Achievement*<\/label><span class=\"wpcf7-form-control-wrap\" data-name=\"menu-801\"><select class=\"wpcf7-form-control wpcf7-select wpcf7-validates-as-required\" aria-required=\"true\" aria-invalid=\"false\" name=\"menu-801\"><option value=\"\">Select an achievement<\/option><option value=\"Construction\">Construction<\/option><option value=\"Tool making\">Tool making<\/option><option value=\"Cleaving\">Cleaving<\/option><option value=\"Forging\">Forging<\/option><option value=\"Deburring\">Deburring<\/option><option value=\"Heat treatment\">Heat treatment<\/option><option value=\"Sandblasting\">Sandblasting<\/option><option value=\"Calibrating\">Calibrating<\/option><option value=\"Machining\">Machining<\/option><option value=\"Control\">Control<\/option><option value=\"Shipping\">Shipping<\/option><option value=\"Finance &amp; Human Resources\">Finance &amp; Human Resources<\/option><option value=\"Managing director\">Managing director<\/option><\/select><\/span>\n\t\t\t<\/p>\n\t\t<\/div>\n\t<\/div>\n\t<div class=\"wps-form-row\">\n\t\t<div class=\"wps-form-column\">\n\t\t\t<p><label>Your request<\/label><span class=\"wpcf7-form-control-wrap\" data-name=\"textarea-830\"><textarea cols=\"40\" rows=\"10\" maxlength=\"2000\" class=\"wpcf7-form-control wpcf7-textarea\" aria-invalid=\"false\" placeholder=\"Your request in detail ...\" name=\"textarea-830\"><\/textarea><\/span>\n\t\t\t<\/p>\n\t\t<\/div>\n\t<\/div>\n\t<div class=\"wps-form-row\">\n\t\t<div class=\"wps-form-column\">\n\t\t\t<p><span class=\"wpcf7-form-control-wrap\" data-name=\"acceptance-52\"><span class=\"wpcf7-form-control wpcf7-acceptance\"><span class=\"wpcf7-list-item\"><label><input type=\"checkbox\" name=\"acceptance-52\" value=\"1\" aria-invalid=\"false\" \/><span class=\"wpcf7-list-item-label\">I have read the <a target=\"_blank\" href=\"\/en\/datenschutzerklaerung\/\" title=\"Datenschutzerkl\u00e4rung \">Privacy Policy<\/a>.<\/span><\/label><\/span><\/span><\/span>\n\t\t\t<\/p>\n\t\t\t<p class=\"rechtstext\">All fields marked with an (*) are mandatory.\n\t\t\t<\/p>\n\t\t\t<p><span id=\"wpcf7-69d2eee948c50-wrapper\" class=\"wpcf7-form-control-wrap gebrueder-Hartkopf-wrap\" style=\"display:none !important; visibility:hidden !important;\"><label for=\"wpcf7-69d2eee948c50-field\" class=\"hp-message\">Bitte lasse dieses Feld leer.<\/label><input id=\"wpcf7-69d2eee948c50-field\"  class=\"wpcf7-form-control wpcf7-text\" type=\"text\" name=\"gebrueder-Hartkopf\" value=\"\" size=\"40\" tabindex=\"-1\" autocomplete=\"new-password\" \/><\/span><input class=\"wpcf7-form-control wpcf7-submit has-spinner\" type=\"submit\" value=\"Send request\" \/>\n\t\t\t<\/p>\n\t\t<\/div>\n\t<\/div>\n<\/div><div class=\"wpcf7-response-output\" aria-hidden=\"true\"><\/div>\n<\/form>\n<\/div>\n[\/et_pb_code][\/et_pb_column][\/et_pb_row][\/et_pb_section]<\/p>\n","protected":false},"excerpt":{"rendered":"<p>Calibrate Gebr. Hartkopf is your reliable partner for high-quality forged parts with highest precision. We work with state-of-the-art technology and highly qualified employees to always offer our customers the best quality and high dimensional accuracy. Our thickness tolerance in forging is 0.4 mm. But by calibrating we can reduce this tolerance to 0.1 mm &#8211; [&hellip;]<\/p>\n","protected":false},"author":1,"featured_media":1987,"parent":928,"menu_order":0,"comment_status":"closed","ping_status":"closed","template":"unterseite.php","meta":{"_acf_changed":false,"_et_pb_use_builder":"on","_et_pb_old_content":"[et_pb_section fb_built=\"1\" module_class=\"ds-section bild-text-unterseite\" _builder_version=\"4.10.4\" _module_preset=\"default\" hover_enabled=\"0\" global_colors_info=\"{}\" sticky_enabled=\"0\"][et_pb_row column_structure=\"1_2,1_2\" _builder_version=\"4.10.4\" _module_preset=\"default\" global_colors_info=\"{}\"][et_pb_column type=\"1_2\" _builder_version=\"4.10.4\" _module_preset=\"default\" global_colors_info=\"{}\"][et_pb_text _builder_version=\"4.10.4\" _module_preset=\"default\" global_colors_info=\"{}\"]<h3>Lorem ipsum dolor<\/h3>\r\nLorem ipsum dolor sit amet, consetetur sadipscing elitr, sed diam nonumy eirmod tempor invidunt ut labore et dolore magna aliquyam erat, sed diam voluptua. At vero eos et accusam et justo duo dolores et ea rebum. Stet clita kasd gubergren, no sea takimata sanctus est Lorem ipsum dolor sit amet. Lorem ipsum dolor sit amet, consetetur sadipscing elitr.\r\nAt vero eos et accusam et justo duo dolores et ea rebum. Stet clita kasd gubergren, no sea takimata sanctus est Lorem ipsum dolor sit amet. Lorem ipsum dolor sit amet, consetetur sadipscing elitr.[\/et_pb_text][\/et_pb_column][et_pb_column type=\"1_2\" _builder_version=\"4.10.4\" _module_preset=\"default\" global_colors_info=\"{}\"][et_pb_image src=\"https:\/\/frequent-gebr-hartkopf.aweos.dev\/wp-content\/uploads\/2021\/10\/spalten.jpg\" title_text=\"spalten\" module_class=\"frontimage\" _builder_version=\"4.10.4\" _module_preset=\"default\" global_colors_info=\"{}\"][\/et_pb_image][\/et_pb_column][\/et_pb_row][\/et_pb_section][et_pb_section fb_built=\"1\" module_class=\"ds-section blue\" _builder_version=\"4.10.4\" _module_preset=\"default\" global_colors_info=\"{}\"][et_pb_row module_class=\"ueberschrift\" _builder_version=\"4.10.4\" _module_preset=\"default\" global_colors_info=\"{}\"][et_pb_column type=\"4_4\" _builder_version=\"4.10.4\" _module_preset=\"default\" global_colors_info=\"{}\"][et_pb_text _builder_version=\"4.10.4\" _module_preset=\"default\" global_colors_info=\"{}\"]<h2>Lorem Ipsum<\/h2>[\/et_pb_text][\/et_pb_column][\/et_pb_row][et_pb_row column_structure=\"1_3,1_3,1_3\" _builder_version=\"4.10.4\" _module_preset=\"default\" global_colors_info=\"{}\"][et_pb_column type=\"1_3\" _builder_version=\"4.10.4\" _module_preset=\"default\" global_colors_info=\"{}\"][et_pb_text module_class=\"wert-eins\" _builder_version=\"4.10.4\" _module_preset=\"default\" global_colors_info=\"{}\"]<h3>Lorem ipsum dolor<\/h3>\r\nLorem ipsum dolor sit amet, consetetur sadipscing elitr, sed diam nonumy eirmod tempor invidunt ut labore et dolore magna aliquyam erat, sed diam voluptua. At vero eos et accusam et justo duo dolores et ea rebum. Stet clita kasd gubergren, no sea takimata sanctus est Lorem ipsum dolor sit amet. Lorem ipsum dolor sit amet.[\/et_pb_text][\/et_pb_column][et_pb_column type=\"1_3\" _builder_version=\"4.10.4\" _module_preset=\"default\" global_colors_info=\"{}\"][et_pb_text module_class=\"wert-zwei\" _builder_version=\"4.10.4\" _module_preset=\"default\" global_colors_info=\"{}\"]<h3>Lorem ipsum dolor<\/h3>\r\nLorem ipsum dolor sit amet, consetetur sadipscing elitr, sed diam nonumy eirmod tempor invidunt ut labore et dolore magna aliquyam erat, sed diam voluptua. At vero eos et accusam et justo duo dolores et ea rebum. Stet clita kasd gubergren, no sea takimata sanctus est Lorem ipsum dolor sit amet. Lorem ipsum dolor sit amet.[\/et_pb_text][\/et_pb_column][et_pb_column type=\"1_3\" _builder_version=\"4.10.4\" _module_preset=\"default\" global_colors_info=\"{}\"][et_pb_text module_class=\"wert-drei\" _builder_version=\"4.10.4\" _module_preset=\"default\" global_colors_info=\"{}\"]<h3>Lorem ipsum dolor<\/h3>\r\nLorem ipsum dolor sit amet, consetetur sadipscing elitr, sed diam nonumy eirmod tempor invidunt ut labore et dolore magna aliquyam erat, sed diam voluptua. At vero eos et accusam et justo duo dolores et ea rebum. Stet clita kasd gubergren, no sea takimata sanctus est Lorem ipsum dolor sit amet. Lorem ipsum dolor sit amet.[\/et_pb_text][\/et_pb_column][\/et_pb_row][\/et_pb_section][et_pb_section fb_built=\"1\" admin_label=\"Kontakt\" module_id=\"kontakt-sektion\" _builder_version=\"4.10.4\" _module_preset=\"default\" hover_enabled=\"0\" global_colors_info=\"{}\" sticky_enabled=\"0\"][et_pb_row column_structure=\"1_2,1_2\" module_class=\"formular-row\" _builder_version=\"4.10.4\" _module_preset=\"default\" global_colors_info=\"{}\"][et_pb_column type=\"1_2\" _builder_version=\"4.10.4\" _module_preset=\"default\" global_colors_info=\"{}\"][et_pb_text _builder_version=\"4.10.4\" _module_preset=\"default\" global_colors_info=\"{}\"]<h3>Unverbindliche Beratung<\/h3>\r\nKontaktieren Sie uns telefonisch oder per Mail. Wir freuen uns auf Ihre Anfrage!\r\n<a href=\"tel:+49(0)212 \/ 248128-0\" class=\"phone\">+49(0)212 \/ 248128-0<\/a><a href=\"mailto:info@juliuskirschner.de\" class=\"kontakt\">info@juliuskirschner.de<\/a><a href=\"https:\/\/goo.gl\/maps\/iwpdik1JA9hLzMWn6\" target=\"_blank\" class=\"location\" rel=\"noopener\">L\u00fcneschlo\u00dfstra\u00dfe 87, 42657 Solingen<\/a>\r\nTelefax: +49(0)212 \/ 248128-0[\/et_pb_text][\/et_pb_column][et_pb_column type=\"1_2\" _builder_version=\"4.10.4\" _module_preset=\"default\" global_colors_info=\"{}\"][et_pb_code module_class=\"form1\" _builder_version=\"4.10.4\" _module_preset=\"default\" global_colors_info=\"{}\"][contact-form-7 id=\"14\" title=\"Kontaktformular 1\"][\/et_pb_code][\/et_pb_column][\/et_pb_row][\/et_pb_section]","_et_gb_content_width":"","inline_featured_image":false,"footnotes":""},"class_list":["post-903","page","type-page","status-publish","has-post-thumbnail","hentry"],"acf":[],"yoast_head":"<!-- This site is optimized with the Yoast SEO plugin v26.1.1 - https:\/\/yoast.com\/wordpress\/plugins\/seo\/ -->\n<title>Calibrate - Gebr. Hartkopf<\/title>\n<meta name=\"robots\" content=\"index, follow, max-snippet:-1, max-image-preview:large, max-video-preview:-1\" \/>\n<link rel=\"canonical\" href=\"https:\/\/frequent-gebr-hartkopf.aweos.dev\/en\/services\/calibrate\/\" \/>\n<meta property=\"og:locale\" content=\"en_US\" \/>\n<meta property=\"og:type\" content=\"article\" \/>\n<meta property=\"og:title\" content=\"Calibrate - Gebr. Hartkopf\" \/>\n<meta property=\"og:description\" content=\"Calibrate Gebr. Hartkopf is your reliable partner for high-quality forged parts with highest precision. We work with state-of-the-art technology and highly qualified employees to always offer our customers the best quality and high dimensional accuracy. Our thickness tolerance in forging is 0.4 mm. But by calibrating we can reduce this tolerance to 0.1 mm - [&hellip;]\" \/>\n<meta property=\"og:url\" content=\"https:\/\/frequent-gebr-hartkopf.aweos.dev\/en\/services\/calibrate\/\" \/>\n<meta property=\"og:site_name\" content=\"Gebr. Hartkopf\" \/>\n<meta property=\"article:modified_time\" content=\"2023-05-10T14:57:33+00:00\" \/>\n<meta property=\"og:image\" content=\"https:\/\/frequent-gebr-hartkopf.aweos.dev\/wp-content\/uploads\/2023\/05\/kalibrieren-headerbild.jpeg\" \/>\n\t<meta property=\"og:image:width\" content=\"1600\" \/>\n\t<meta property=\"og:image:height\" content=\"686\" \/>\n\t<meta property=\"og:image:type\" content=\"image\/jpeg\" \/>\n<meta name=\"twitter:card\" content=\"summary_large_image\" \/>\n<meta name=\"twitter:label1\" content=\"Est. reading time\" \/>\n\t<meta name=\"twitter:data1\" content=\"1 minute\" \/>\n<script type=\"application\/ld+json\" class=\"yoast-schema-graph\">{\"@context\":\"https:\/\/schema.org\",\"@graph\":[{\"@type\":\"WebPage\",\"@id\":\"https:\/\/frequent-gebr-hartkopf.aweos.dev\/en\/services\/calibrate\/\",\"url\":\"https:\/\/frequent-gebr-hartkopf.aweos.dev\/en\/services\/calibrate\/\",\"name\":\"Calibrate - Gebr. Hartkopf\",\"isPartOf\":{\"@id\":\"https:\/\/frequent-gebr-hartkopf.aweos.dev\/en\/#website\"},\"primaryImageOfPage\":{\"@id\":\"https:\/\/frequent-gebr-hartkopf.aweos.dev\/en\/services\/calibrate\/#primaryimage\"},\"image\":{\"@id\":\"https:\/\/frequent-gebr-hartkopf.aweos.dev\/en\/services\/calibrate\/#primaryimage\"},\"thumbnailUrl\":\"https:\/\/frequent-gebr-hartkopf.aweos.dev\/wp-content\/uploads\/2022\/11\/kalibrieren.jpg\",\"datePublished\":\"2021-11-03T10:05:01+00:00\",\"dateModified\":\"2023-05-10T14:57:33+00:00\",\"breadcrumb\":{\"@id\":\"https:\/\/frequent-gebr-hartkopf.aweos.dev\/en\/services\/calibrate\/#breadcrumb\"},\"inLanguage\":\"en-US\",\"potentialAction\":[{\"@type\":\"ReadAction\",\"target\":[\"https:\/\/frequent-gebr-hartkopf.aweos.dev\/en\/services\/calibrate\/\"]}]},{\"@type\":\"ImageObject\",\"inLanguage\":\"en-US\",\"@id\":\"https:\/\/frequent-gebr-hartkopf.aweos.dev\/en\/services\/calibrate\/#primaryimage\",\"url\":\"https:\/\/frequent-gebr-hartkopf.aweos.dev\/wp-content\/uploads\/2022\/11\/kalibrieren.jpg\",\"contentUrl\":\"https:\/\/frequent-gebr-hartkopf.aweos.dev\/wp-content\/uploads\/2022\/11\/kalibrieren.jpg\",\"width\":1000,\"height\":667},{\"@type\":\"BreadcrumbList\",\"@id\":\"https:\/\/frequent-gebr-hartkopf.aweos.dev\/en\/services\/calibrate\/#breadcrumb\",\"itemListElement\":[{\"@type\":\"ListItem\",\"position\":1,\"name\":\"Home\",\"item\":\"https:\/\/frequent-gebr-hartkopf.aweos.dev\/en\/startseite\/\"},{\"@type\":\"ListItem\",\"position\":2,\"name\":\"Services\",\"item\":\"https:\/\/frequent-gebr-hartkopf.aweos.dev\/en\/services\/\"},{\"@type\":\"ListItem\",\"position\":3,\"name\":\"Calibrate\"}]},{\"@type\":\"WebSite\",\"@id\":\"https:\/\/frequent-gebr-hartkopf.aweos.dev\/en\/#website\",\"url\":\"https:\/\/frequent-gebr-hartkopf.aweos.dev\/en\/\",\"name\":\"Gebr. Hartkopf\",\"description\":\"Ihre Ideenschmiede !\",\"potentialAction\":[{\"@type\":\"SearchAction\",\"target\":{\"@type\":\"EntryPoint\",\"urlTemplate\":\"https:\/\/frequent-gebr-hartkopf.aweos.dev\/en\/?s={search_term_string}\"},\"query-input\":{\"@type\":\"PropertyValueSpecification\",\"valueRequired\":true,\"valueName\":\"search_term_string\"}}],\"inLanguage\":\"en-US\"}]}<\/script>\n<!-- \/ Yoast SEO plugin. -->","yoast_head_json":{"title":"Calibrate - Gebr. Hartkopf","robots":{"index":"index","follow":"follow","max-snippet":"max-snippet:-1","max-image-preview":"max-image-preview:large","max-video-preview":"max-video-preview:-1"},"canonical":"https:\/\/frequent-gebr-hartkopf.aweos.dev\/en\/services\/calibrate\/","og_locale":"en_US","og_type":"article","og_title":"Calibrate - Gebr. Hartkopf","og_description":"Calibrate Gebr. Hartkopf is your reliable partner for high-quality forged parts with highest precision. We work with state-of-the-art technology and highly qualified employees to always offer our customers the best quality and high dimensional accuracy. Our thickness tolerance in forging is 0.4 mm. But by calibrating we can reduce this tolerance to 0.1 mm - [&hellip;]","og_url":"https:\/\/frequent-gebr-hartkopf.aweos.dev\/en\/services\/calibrate\/","og_site_name":"Gebr. Hartkopf","article_modified_time":"2023-05-10T14:57:33+00:00","og_image":[{"width":1600,"height":686,"url":"https:\/\/frequent-gebr-hartkopf.aweos.dev\/wp-content\/uploads\/2023\/05\/kalibrieren-headerbild.jpeg","type":"image\/jpeg"}],"twitter_card":"summary_large_image","twitter_misc":{"Est. reading time":"1 minute"},"schema":{"@context":"https:\/\/schema.org","@graph":[{"@type":"WebPage","@id":"https:\/\/frequent-gebr-hartkopf.aweos.dev\/en\/services\/calibrate\/","url":"https:\/\/frequent-gebr-hartkopf.aweos.dev\/en\/services\/calibrate\/","name":"Calibrate - Gebr. Hartkopf","isPartOf":{"@id":"https:\/\/frequent-gebr-hartkopf.aweos.dev\/en\/#website"},"primaryImageOfPage":{"@id":"https:\/\/frequent-gebr-hartkopf.aweos.dev\/en\/services\/calibrate\/#primaryimage"},"image":{"@id":"https:\/\/frequent-gebr-hartkopf.aweos.dev\/en\/services\/calibrate\/#primaryimage"},"thumbnailUrl":"https:\/\/frequent-gebr-hartkopf.aweos.dev\/wp-content\/uploads\/2022\/11\/kalibrieren.jpg","datePublished":"2021-11-03T10:05:01+00:00","dateModified":"2023-05-10T14:57:33+00:00","breadcrumb":{"@id":"https:\/\/frequent-gebr-hartkopf.aweos.dev\/en\/services\/calibrate\/#breadcrumb"},"inLanguage":"en-US","potentialAction":[{"@type":"ReadAction","target":["https:\/\/frequent-gebr-hartkopf.aweos.dev\/en\/services\/calibrate\/"]}]},{"@type":"ImageObject","inLanguage":"en-US","@id":"https:\/\/frequent-gebr-hartkopf.aweos.dev\/en\/services\/calibrate\/#primaryimage","url":"https:\/\/frequent-gebr-hartkopf.aweos.dev\/wp-content\/uploads\/2022\/11\/kalibrieren.jpg","contentUrl":"https:\/\/frequent-gebr-hartkopf.aweos.dev\/wp-content\/uploads\/2022\/11\/kalibrieren.jpg","width":1000,"height":667},{"@type":"BreadcrumbList","@id":"https:\/\/frequent-gebr-hartkopf.aweos.dev\/en\/services\/calibrate\/#breadcrumb","itemListElement":[{"@type":"ListItem","position":1,"name":"Home","item":"https:\/\/frequent-gebr-hartkopf.aweos.dev\/en\/startseite\/"},{"@type":"ListItem","position":2,"name":"Services","item":"https:\/\/frequent-gebr-hartkopf.aweos.dev\/en\/services\/"},{"@type":"ListItem","position":3,"name":"Calibrate"}]},{"@type":"WebSite","@id":"https:\/\/frequent-gebr-hartkopf.aweos.dev\/en\/#website","url":"https:\/\/frequent-gebr-hartkopf.aweos.dev\/en\/","name":"Gebr. Hartkopf","description":"Ihre Ideenschmiede !","potentialAction":[{"@type":"SearchAction","target":{"@type":"EntryPoint","urlTemplate":"https:\/\/frequent-gebr-hartkopf.aweos.dev\/en\/?s={search_term_string}"},"query-input":{"@type":"PropertyValueSpecification","valueRequired":true,"valueName":"search_term_string"}}],"inLanguage":"en-US"}]}},"_links":{"self":[{"href":"https:\/\/frequent-gebr-hartkopf.aweos.dev\/en\/wp-json\/wp\/v2\/pages\/903","targetHints":{"allow":["GET"]}}],"collection":[{"href":"https:\/\/frequent-gebr-hartkopf.aweos.dev\/en\/wp-json\/wp\/v2\/pages"}],"about":[{"href":"https:\/\/frequent-gebr-hartkopf.aweos.dev\/en\/wp-json\/wp\/v2\/types\/page"}],"author":[{"embeddable":true,"href":"https:\/\/frequent-gebr-hartkopf.aweos.dev\/en\/wp-json\/wp\/v2\/users\/1"}],"replies":[{"embeddable":true,"href":"https:\/\/frequent-gebr-hartkopf.aweos.dev\/en\/wp-json\/wp\/v2\/comments?post=903"}],"version-history":[{"count":15,"href":"https:\/\/frequent-gebr-hartkopf.aweos.dev\/en\/wp-json\/wp\/v2\/pages\/903\/revisions"}],"predecessor-version":[{"id":2733,"href":"https:\/\/frequent-gebr-hartkopf.aweos.dev\/en\/wp-json\/wp\/v2\/pages\/903\/revisions\/2733"}],"up":[{"embeddable":true,"href":"https:\/\/frequent-gebr-hartkopf.aweos.dev\/en\/wp-json\/wp\/v2\/pages\/928"}],"wp:featuredmedia":[{"embeddable":true,"href":"https:\/\/frequent-gebr-hartkopf.aweos.dev\/en\/wp-json\/wp\/v2\/media\/1987"}],"wp:attachment":[{"href":"https:\/\/frequent-gebr-hartkopf.aweos.dev\/en\/wp-json\/wp\/v2\/media?parent=903"}],"curies":[{"name":"wp","href":"https:\/\/api.w.org\/{rel}","templated":true}]}}