{"id":898,"date":"2021-11-03T11:04:36","date_gmt":"2021-11-03T10:04:36","guid":{"rendered":"https:\/\/kirschner-und-sohn-2021-09-03.aw003.de\/?page_id=898"},"modified":"2023-05-11T16:23:03","modified_gmt":"2023-05-11T14:23:03","slug":"forge","status":"publish","type":"page","link":"https:\/\/frequent-gebr-hartkopf.aweos.dev\/en\/services\/forge\/","title":{"rendered":"Forge"},"content":{"rendered":"<p>[et_pb_section fb_built=&#8221;1&#8243; module_class=&#8221;ds-section bild-text-unterseite&#8221; _builder_version=&#8221;4.16&#8243; _module_preset=&#8221;default&#8221; global_colors_info=&#8221;{}&#8221;][et_pb_row column_structure=&#8221;1_2,1_2&#8243; _builder_version=&#8221;4.16&#8243; _module_preset=&#8221;default&#8221; global_colors_info=&#8221;{}&#8221;][et_pb_column type=&#8221;1_2&#8243; _builder_version=&#8221;4.16&#8243; _module_preset=&#8221;default&#8221; global_colors_info=&#8221;{}&#8221;][et_pb_text _builder_version=&#8221;4.21.0&#8243; _module_preset=&#8221;default&#8221; global_colors_info=&#8221;{}&#8221;]<\/p>\n<h2>Forge<\/h2>\n<p>As a professional forging company, we offer our customers the highest quality and precision in the production of forged parts. We use either belt drop hammers or hydraulic hammers to fully forge blanks from different steel grades. Forming is done in a die consisting of upper and lower parts to ensure a perfect shape. Our expertise lies in the production of smaller parts, which we can manufacture in high multiple layers. We forge weights from 100 grams up to 5 KG. Our ability to forge precise and complex shapes makes us a preferred partner for customers who demand the highest quality in their products. To ensure that our products meet the highest standards, we use predominantly conductive heating by electrical methods when heating the slits. In this way, we can ensure uniform heat treatment, which results in better hardness and strength of the parts. If you need high quality, precision forged parts, we are your ideal partner. We offer customized solutions tailored to your specific needs and deliver on time and reliably. Contact us today to learn more about how we can help you.[\/et_pb_text][\/et_pb_column][et_pb_column type=&#8221;1_2&#8243; _builder_version=&#8221;4.16&#8243; _module_preset=&#8221;default&#8221; global_colors_info=&#8221;{}&#8221;][et_pb_image src=&#8221;https:\/\/frequent-gebr-hartkopf.aweos.dev\/wp-content\/uploads\/2023\/05\/schmieden-hartkopf.jpg&#8221; alt=&#8221;Schmieden bei Hartkopf&#8221; title_text=&#8221;Schmieden bei Hartkopf&#8221; module_id=&#8221;H\u00e4rten Julius-Kirschner und Sohn&#8221; module_class=&#8221;H\u00e4rten Julius-Kirschner und Sohn&#8221; _builder_version=&#8221;4.21.0&#8243; _module_preset=&#8221;default&#8221; global_colors_info=&#8221;{}&#8221;][\/et_pb_image][\/et_pb_column][\/et_pb_row][\/et_pb_section][et_pb_section fb_built=&#8221;1&#8243; admin_label=&#8221;Kontakt&#8221; module_id=&#8221;kontakt-sektion&#8221; module_class=&#8221;blue&#8221; _builder_version=&#8221;4.17.4&#8243; _module_preset=&#8221;default&#8221; global_module=&#8221;1751&#8243; global_colors_info=&#8221;{}&#8221;][et_pb_row column_structure=&#8221;1_2,1_2&#8243; module_class=&#8221;formular-row&#8221; _builder_version=&#8221;4.16&#8243; _module_preset=&#8221;default&#8221; global_colors_info=&#8221;{}&#8221;][et_pb_column type=&#8221;1_2&#8243; _builder_version=&#8221;4.16&#8243; _module_preset=&#8221;default&#8221; global_colors_info=&#8221;{}&#8221;][et_pb_text _builder_version=&#8221;4.17.4&#8243; _module_preset=&#8221;default&#8221; global_colors_info=&#8221;{}&#8221;]<\/p>\n<h3>NO-BINDING ADVICE<\/h3>\n<p>Contact us by phone or email. We look forward to your inquiry!<br \/>\n<a href=\"tel:+49212242220\" class=\"phone\">+49 (0)212 \/ 24 222 \u2013 0<\/a><a    class=\"kontakt mail-cloak-email\" href=\"#\" data-email-method=\"matrix\" data-email-value=\"lqir#kduwnrsi.gh\" data-email-mailto=\"pdlowr:lqir#kduwnrsi.gh\" data-email-default-character=\"*\" data-email-time=\"true\" data-email-delay=\"1\">****************<\/a><a href=\"https:\/\/goo.gl\/maps\/uMPg9pShco4K1QaZ9\" target=\"_blank\" class=\"location\" rel=\"noopener\">Bismarckstr. 18 \u2013 26, 42659 Solingen<\/a><br \/>\nTelefax: +49 (0)212 \/ 24 222 \u2013 99[\/et_pb_text][\/et_pb_column][et_pb_column type=&#8221;1_2&#8243; _builder_version=&#8221;4.16&#8243; _module_preset=&#8221;default&#8221; global_colors_info=&#8221;{}&#8221;][et_pb_code module_class=&#8221;form1&#8243; _builder_version=&#8221;4.17.4&#8243; _module_preset=&#8221;default&#8221; global_colors_info=&#8221;{}&#8221;]\n<div class=\"wpcf7 no-js\" id=\"wpcf7-f1508-o1\" lang=\"de-DE\" dir=\"ltr\" data-wpcf7-id=\"1508\">\n<div class=\"screen-reader-response\"><p role=\"status\" aria-live=\"polite\" aria-atomic=\"true\"><\/p> <ul><\/ul><\/div>\n<form action=\"\/en\/wp-json\/wp\/v2\/pages\/898#wpcf7-f1508-o1\" method=\"post\" class=\"wpcf7-form init wpcf7-acceptance-as-validation\" aria-label=\"Kontaktformular\" novalidate=\"novalidate\" data-status=\"init\">\n<fieldset class=\"hidden-fields-container\"><input type=\"hidden\" name=\"_wpcf7\" value=\"1508\" \/><input type=\"hidden\" name=\"_wpcf7_version\" value=\"6.1.2\" \/><input type=\"hidden\" name=\"_wpcf7_locale\" value=\"de_DE\" \/><input type=\"hidden\" name=\"_wpcf7_unit_tag\" value=\"wpcf7-f1508-o1\" \/><input type=\"hidden\" name=\"_wpcf7_container_post\" value=\"0\" \/><input type=\"hidden\" name=\"_wpcf7_posted_data_hash\" value=\"\" \/>\n<\/fieldset>\n<h4>Request a consultation now\n<\/h4>\n<p class=\"person\">Our expert Thilo M\u00f6ller will get back to you as soon as possible.\n<\/p>\n<div class=\"wps-form\">\n\t<div class=\"wps-form-row\">\n\t\t<div class=\"wps-form-column kuerzer\">\n\t\t\t<p><label>Salutation*<\/label><span class=\"wpcf7-form-control-wrap\" data-name=\"menu-628\"><select class=\"wpcf7-form-control wpcf7-select wpcf7-validates-as-required\" aria-required=\"true\" aria-invalid=\"false\" name=\"menu-628\"><option value=\"\">Please select<\/option><option value=\"Mrs.\">Mrs.<\/option><option value=\"Mr.\">Mr.<\/option><option value=\"Divers\">Divers<\/option><\/select><\/span>\n\t\t\t<\/p>\n\t\t<\/div>\n\t\t<div class=\"wps-form-column\">\n\t\t\t<p><label>Your Name*<\/label><span class=\"wpcf7-form-control-wrap\" data-name=\"kundenname\"><input size=\"40\" maxlength=\"400\" class=\"wpcf7-form-control wpcf7-text wpcf7-validates-as-required\" aria-required=\"true\" aria-invalid=\"false\" placeholder=\"Max Mustermann\" value=\"\" type=\"text\" name=\"kundenname\" \/><\/span>\n\t\t\t<\/p>\n\t\t<\/div>\n\t<\/div>\n\t<div class=\"wps-form-row\">\n\t\t<div class=\"wps-form-column kuerzer\">\n\t\t\t<p><label>Your Mail*<\/label><span class=\"wpcf7-form-control-wrap\" data-name=\"your-email\"><input size=\"40\" maxlength=\"400\" class=\"wpcf7-form-control wpcf7-email wpcf7-validates-as-required wpcf7-text wpcf7-validates-as-email\" aria-required=\"true\" aria-invalid=\"false\" placeholder=\"mustermann@gmail.com\" value=\"\" type=\"email\" name=\"your-email\" \/><\/span>\n\t\t\t<\/p>\n\t\t<\/div>\n\t\t<div class=\"wps-form-column\">\n\t\t\t<p><label>Your Phonenumber<\/label><span class=\"wpcf7-form-control-wrap\" data-name=\"telefonnummer\"><input size=\"40\" maxlength=\"400\" class=\"wpcf7-form-control wpcf7-tel wpcf7-text wpcf7-validates-as-tel\" aria-invalid=\"false\" placeholder=\"0212 123456\" value=\"\" type=\"tel\" name=\"telefonnummer\" \/><\/span>\n\t\t\t<\/p>\n\t\t<\/div>\n\t<\/div>\n\t<div class=\"wps-form-row\">\n\t\t<div class=\"wps-form-column\">\n\t\t\t<p><label>Achievement*<\/label><span class=\"wpcf7-form-control-wrap\" data-name=\"menu-801\"><select class=\"wpcf7-form-control wpcf7-select wpcf7-validates-as-required\" aria-required=\"true\" aria-invalid=\"false\" name=\"menu-801\"><option value=\"\">Select an achievement<\/option><option value=\"Construction\">Construction<\/option><option value=\"Tool making\">Tool making<\/option><option value=\"Cleaving\">Cleaving<\/option><option value=\"Forging\">Forging<\/option><option value=\"Deburring\">Deburring<\/option><option value=\"Heat treatment\">Heat treatment<\/option><option value=\"Sandblasting\">Sandblasting<\/option><option value=\"Calibrating\">Calibrating<\/option><option value=\"Machining\">Machining<\/option><option value=\"Control\">Control<\/option><option value=\"Shipping\">Shipping<\/option><option value=\"Finance &amp; Human Resources\">Finance &amp; Human Resources<\/option><option value=\"Managing director\">Managing director<\/option><\/select><\/span>\n\t\t\t<\/p>\n\t\t<\/div>\n\t<\/div>\n\t<div class=\"wps-form-row\">\n\t\t<div class=\"wps-form-column\">\n\t\t\t<p><label>Your request<\/label><span class=\"wpcf7-form-control-wrap\" data-name=\"textarea-830\"><textarea cols=\"40\" rows=\"10\" maxlength=\"2000\" class=\"wpcf7-form-control wpcf7-textarea\" aria-invalid=\"false\" placeholder=\"Your request in detail ...\" name=\"textarea-830\"><\/textarea><\/span>\n\t\t\t<\/p>\n\t\t<\/div>\n\t<\/div>\n\t<div class=\"wps-form-row\">\n\t\t<div class=\"wps-form-column\">\n\t\t\t<p><span class=\"wpcf7-form-control-wrap\" data-name=\"acceptance-52\"><span class=\"wpcf7-form-control wpcf7-acceptance\"><span class=\"wpcf7-list-item\"><label><input type=\"checkbox\" name=\"acceptance-52\" value=\"1\" aria-invalid=\"false\" \/><span class=\"wpcf7-list-item-label\">I have read the <a target=\"_blank\" href=\"\/en\/datenschutzerklaerung\/\" title=\"Datenschutzerkl\u00e4rung \">Privacy Policy<\/a>.<\/span><\/label><\/span><\/span><\/span>\n\t\t\t<\/p>\n\t\t\t<p class=\"rechtstext\">All fields marked with an (*) are mandatory.\n\t\t\t<\/p>\n\t\t\t<p><span id=\"wpcf7-69d2ed192cadc-wrapper\" class=\"wpcf7-form-control-wrap gebrueder-Hartkopf-wrap\" style=\"display:none !important; visibility:hidden !important;\"><label for=\"wpcf7-69d2ed192cadc-field\" class=\"hp-message\">Bitte lasse dieses Feld leer.<\/label><input id=\"wpcf7-69d2ed192cadc-field\"  class=\"wpcf7-form-control wpcf7-text\" type=\"text\" name=\"gebrueder-Hartkopf\" value=\"\" size=\"40\" tabindex=\"-1\" autocomplete=\"new-password\" \/><\/span><input class=\"wpcf7-form-control wpcf7-submit has-spinner\" type=\"submit\" value=\"Send request\" \/>\n\t\t\t<\/p>\n\t\t<\/div>\n\t<\/div>\n<\/div><div class=\"wpcf7-response-output\" aria-hidden=\"true\"><\/div>\n<\/form>\n<\/div>\n[\/et_pb_code][\/et_pb_column][\/et_pb_row][\/et_pb_section]<\/p>\n","protected":false},"excerpt":{"rendered":"<p>Forge As a professional forging company, we offer our customers the highest quality and precision in the production of forged parts. We use either belt drop hammers or hydraulic hammers to fully forge blanks from different steel grades. Forming is done in a die consisting of upper and lower parts to ensure a perfect shape. [&hellip;]<\/p>\n","protected":false},"author":1,"featured_media":2767,"parent":928,"menu_order":0,"comment_status":"closed","ping_status":"closed","template":"unterseite.php","meta":{"_acf_changed":false,"_et_pb_use_builder":"on","_et_pb_old_content":"[et_pb_section fb_built=\"1\" module_class=\"ds-section bild-text-unterseite\" _builder_version=\"4.10.4\" _module_preset=\"default\" hover_enabled=\"0\" global_colors_info=\"{}\" sticky_enabled=\"0\"][et_pb_row column_structure=\"1_2,1_2\" _builder_version=\"4.10.4\" _module_preset=\"default\" global_colors_info=\"{}\"][et_pb_column type=\"1_2\" _builder_version=\"4.10.4\" _module_preset=\"default\" global_colors_info=\"{}\"][et_pb_text _builder_version=\"4.10.4\" _module_preset=\"default\" global_colors_info=\"{}\"]<h3>Lorem ipsum dolor<\/h3>\r\nLorem ipsum dolor sit amet, consetetur sadipscing elitr, sed diam nonumy eirmod tempor invidunt ut labore et dolore magna aliquyam erat, sed diam voluptua. At vero eos et accusam et justo duo dolores et ea rebum. Stet clita kasd gubergren, no sea takimata sanctus est Lorem ipsum dolor sit amet. Lorem ipsum dolor sit amet, consetetur sadipscing elitr.\r\nAt vero eos et accusam et justo duo dolores et ea rebum. Stet clita kasd gubergren, no sea takimata sanctus est Lorem ipsum dolor sit amet. Lorem ipsum dolor sit amet, consetetur sadipscing elitr.[\/et_pb_text][\/et_pb_column][et_pb_column type=\"1_2\" _builder_version=\"4.10.4\" _module_preset=\"default\" global_colors_info=\"{}\"][et_pb_image src=\"https:\/\/frequent-gebr-hartkopf.aweos.dev\/wp-content\/uploads\/2021\/10\/haerten_oelbad.jpg\" title_text=\"haerten_oelbad\" module_class=\"frontimage\" _builder_version=\"4.10.4\" _module_preset=\"default\" global_colors_info=\"{}\"][\/et_pb_image][\/et_pb_column][\/et_pb_row][\/et_pb_section][et_pb_section fb_built=\"1\" module_class=\"ds-section blue\" _builder_version=\"4.10.4\" _module_preset=\"default\" global_colors_info=\"{}\"][et_pb_row module_class=\"ueberschrift\" _builder_version=\"4.10.4\" _module_preset=\"default\" global_colors_info=\"{}\"][et_pb_column type=\"4_4\" _builder_version=\"4.10.4\" _module_preset=\"default\" global_colors_info=\"{}\"][et_pb_text _builder_version=\"4.10.4\" _module_preset=\"default\" global_colors_info=\"{}\"]<h2>Lorem Ipsum<\/h2>[\/et_pb_text][\/et_pb_column][\/et_pb_row][et_pb_row column_structure=\"1_3,1_3,1_3\" _builder_version=\"4.10.4\" _module_preset=\"default\" global_colors_info=\"{}\"][et_pb_column type=\"1_3\" _builder_version=\"4.10.4\" _module_preset=\"default\" global_colors_info=\"{}\"][et_pb_text module_class=\"wert-eins\" _builder_version=\"4.10.4\" _module_preset=\"default\" global_colors_info=\"{}\"]<h3>Lorem ipsum dolor<\/h3>\r\nLorem ipsum dolor sit amet, consetetur sadipscing elitr, sed diam nonumy eirmod tempor invidunt ut labore et dolore magna aliquyam erat, sed diam voluptua. At vero eos et accusam et justo duo dolores et ea rebum. Stet clita kasd gubergren, no sea takimata sanctus est Lorem ipsum dolor sit amet. Lorem ipsum dolor sit amet.[\/et_pb_text][\/et_pb_column][et_pb_column type=\"1_3\" _builder_version=\"4.10.4\" _module_preset=\"default\" global_colors_info=\"{}\"][et_pb_text module_class=\"wert-zwei\" _builder_version=\"4.10.4\" _module_preset=\"default\" global_colors_info=\"{}\"]<h3>Lorem ipsum dolor<\/h3>\r\nLorem ipsum dolor sit amet, consetetur sadipscing elitr, sed diam nonumy eirmod tempor invidunt ut labore et dolore magna aliquyam erat, sed diam voluptua. At vero eos et accusam et justo duo dolores et ea rebum. Stet clita kasd gubergren, no sea takimata sanctus est Lorem ipsum dolor sit amet. Lorem ipsum dolor sit amet.[\/et_pb_text][\/et_pb_column][et_pb_column type=\"1_3\" _builder_version=\"4.10.4\" _module_preset=\"default\" global_colors_info=\"{}\"][et_pb_text module_class=\"wert-drei\" _builder_version=\"4.10.4\" _module_preset=\"default\" global_colors_info=\"{}\"]<h3>Lorem ipsum dolor<\/h3>\r\nLorem ipsum dolor sit amet, consetetur sadipscing elitr, sed diam nonumy eirmod tempor invidunt ut labore et dolore magna aliquyam erat, sed diam voluptua. At vero eos et accusam et justo duo dolores et ea rebum. Stet clita kasd gubergren, no sea takimata sanctus est Lorem ipsum dolor sit amet. Lorem ipsum dolor sit amet.[\/et_pb_text][\/et_pb_column][\/et_pb_row][\/et_pb_section][et_pb_section fb_built=\"1\" admin_label=\"Kontakt\" module_id=\"kontakt-sektion\" _builder_version=\"4.10.4\" _module_preset=\"default\" hover_enabled=\"0\" global_colors_info=\"{}\" sticky_enabled=\"0\"][et_pb_row column_structure=\"1_2,1_2\" module_class=\"formular-row\" _builder_version=\"4.10.4\" _module_preset=\"default\" global_colors_info=\"{}\"][et_pb_column type=\"1_2\" _builder_version=\"4.10.4\" _module_preset=\"default\" global_colors_info=\"{}\"][et_pb_text _builder_version=\"4.10.4\" _module_preset=\"default\" global_colors_info=\"{}\"]<h3>Unverbindliche Beratung<\/h3>\r\nKontaktieren Sie uns telefonisch oder per Mail. Wir freuen uns auf Ihre Anfrage!\r\n<a href=\"tel:+49(0)212 \/ 248128-0\" class=\"phone\">+49(0)212 \/ 248128-0<\/a><a href=\"mailto:info@juliuskirschner.de\" class=\"kontakt\">info@juliuskirschner.de<\/a><a href=\"https:\/\/goo.gl\/maps\/iwpdik1JA9hLzMWn6\" target=\"_blank\" class=\"location\" rel=\"noopener\">L\u00fcneschlo\u00dfstra\u00dfe 87, 42657 Solingen<\/a>\r\nTelefax: +49(0)212 \/ 248128-0[\/et_pb_text][\/et_pb_column][et_pb_column type=\"1_2\" _builder_version=\"4.10.4\" _module_preset=\"default\" global_colors_info=\"{}\"][et_pb_code module_class=\"form1\" _builder_version=\"4.10.4\" _module_preset=\"default\" global_colors_info=\"{}\"][contact-form-7 id=\"14\" title=\"Kontaktformular 1\"][\/et_pb_code][\/et_pb_column][\/et_pb_row][\/et_pb_section]","_et_gb_content_width":"","inline_featured_image":false,"footnotes":""},"class_list":["post-898","page","type-page","status-publish","has-post-thumbnail","hentry"],"acf":[],"yoast_head":"<!-- This site is optimized with the Yoast SEO plugin v26.1.1 - https:\/\/yoast.com\/wordpress\/plugins\/seo\/ -->\n<title>Forge - Gebr. Hartkopf<\/title>\n<meta name=\"robots\" content=\"index, follow, max-snippet:-1, max-image-preview:large, max-video-preview:-1\" \/>\n<link rel=\"canonical\" href=\"https:\/\/frequent-gebr-hartkopf.aweos.dev\/en\/services\/forge\/\" \/>\n<meta property=\"og:locale\" content=\"en_US\" \/>\n<meta property=\"og:type\" content=\"article\" \/>\n<meta property=\"og:title\" content=\"Forge - Gebr. Hartkopf\" \/>\n<meta property=\"og:description\" content=\"Forge As a professional forging company, we offer our customers the highest quality and precision in the production of forged parts. We use either belt drop hammers or hydraulic hammers to fully forge blanks from different steel grades. Forming is done in a die consisting of upper and lower parts to ensure a perfect shape. [&hellip;]\" \/>\n<meta property=\"og:url\" content=\"https:\/\/frequent-gebr-hartkopf.aweos.dev\/en\/services\/forge\/\" \/>\n<meta property=\"og:site_name\" content=\"Gebr. Hartkopf\" \/>\n<meta property=\"article:modified_time\" content=\"2023-05-11T14:23:03+00:00\" \/>\n<meta property=\"og:image\" content=\"https:\/\/frequent-gebr-hartkopf.aweos.dev\/wp-content\/uploads\/2023\/05\/schmieden-header-1.jpg\" \/>\n\t<meta property=\"og:image:width\" content=\"1600\" \/>\n\t<meta property=\"og:image:height\" content=\"686\" \/>\n\t<meta property=\"og:image:type\" content=\"image\/jpeg\" \/>\n<meta name=\"twitter:card\" content=\"summary_large_image\" \/>\n<meta name=\"twitter:label1\" content=\"Est. reading time\" \/>\n\t<meta name=\"twitter:data1\" content=\"2 minutes\" \/>\n<script type=\"application\/ld+json\" class=\"yoast-schema-graph\">{\"@context\":\"https:\/\/schema.org\",\"@graph\":[{\"@type\":\"WebPage\",\"@id\":\"https:\/\/frequent-gebr-hartkopf.aweos.dev\/en\/services\/forge\/\",\"url\":\"https:\/\/frequent-gebr-hartkopf.aweos.dev\/en\/services\/forge\/\",\"name\":\"Forge - Gebr. Hartkopf\",\"isPartOf\":{\"@id\":\"https:\/\/frequent-gebr-hartkopf.aweos.dev\/en\/#website\"},\"primaryImageOfPage\":{\"@id\":\"https:\/\/frequent-gebr-hartkopf.aweos.dev\/en\/services\/forge\/#primaryimage\"},\"image\":{\"@id\":\"https:\/\/frequent-gebr-hartkopf.aweos.dev\/en\/services\/forge\/#primaryimage\"},\"thumbnailUrl\":\"https:\/\/frequent-gebr-hartkopf.aweos.dev\/wp-content\/uploads\/2023\/05\/schmieden-header-1.jpg\",\"datePublished\":\"2021-11-03T10:04:36+00:00\",\"dateModified\":\"2023-05-11T14:23:03+00:00\",\"breadcrumb\":{\"@id\":\"https:\/\/frequent-gebr-hartkopf.aweos.dev\/en\/services\/forge\/#breadcrumb\"},\"inLanguage\":\"en-US\",\"potentialAction\":[{\"@type\":\"ReadAction\",\"target\":[\"https:\/\/frequent-gebr-hartkopf.aweos.dev\/en\/services\/forge\/\"]}]},{\"@type\":\"ImageObject\",\"inLanguage\":\"en-US\",\"@id\":\"https:\/\/frequent-gebr-hartkopf.aweos.dev\/en\/services\/forge\/#primaryimage\",\"url\":\"https:\/\/frequent-gebr-hartkopf.aweos.dev\/wp-content\/uploads\/2023\/05\/schmieden-header-1.jpg\",\"contentUrl\":\"https:\/\/frequent-gebr-hartkopf.aweos.dev\/wp-content\/uploads\/2023\/05\/schmieden-header-1.jpg\",\"width\":1600,\"height\":686},{\"@type\":\"BreadcrumbList\",\"@id\":\"https:\/\/frequent-gebr-hartkopf.aweos.dev\/en\/services\/forge\/#breadcrumb\",\"itemListElement\":[{\"@type\":\"ListItem\",\"position\":1,\"name\":\"Home\",\"item\":\"https:\/\/frequent-gebr-hartkopf.aweos.dev\/en\/startseite\/\"},{\"@type\":\"ListItem\",\"position\":2,\"name\":\"Services\",\"item\":\"https:\/\/frequent-gebr-hartkopf.aweos.dev\/en\/services\/\"},{\"@type\":\"ListItem\",\"position\":3,\"name\":\"Forge\"}]},{\"@type\":\"WebSite\",\"@id\":\"https:\/\/frequent-gebr-hartkopf.aweos.dev\/en\/#website\",\"url\":\"https:\/\/frequent-gebr-hartkopf.aweos.dev\/en\/\",\"name\":\"Gebr. Hartkopf\",\"description\":\"Ihre Ideenschmiede !\",\"potentialAction\":[{\"@type\":\"SearchAction\",\"target\":{\"@type\":\"EntryPoint\",\"urlTemplate\":\"https:\/\/frequent-gebr-hartkopf.aweos.dev\/en\/?s={search_term_string}\"},\"query-input\":{\"@type\":\"PropertyValueSpecification\",\"valueRequired\":true,\"valueName\":\"search_term_string\"}}],\"inLanguage\":\"en-US\"}]}<\/script>\n<!-- \/ Yoast SEO plugin. -->","yoast_head_json":{"title":"Forge - Gebr. Hartkopf","robots":{"index":"index","follow":"follow","max-snippet":"max-snippet:-1","max-image-preview":"max-image-preview:large","max-video-preview":"max-video-preview:-1"},"canonical":"https:\/\/frequent-gebr-hartkopf.aweos.dev\/en\/services\/forge\/","og_locale":"en_US","og_type":"article","og_title":"Forge - Gebr. Hartkopf","og_description":"Forge As a professional forging company, we offer our customers the highest quality and precision in the production of forged parts. We use either belt drop hammers or hydraulic hammers to fully forge blanks from different steel grades. Forming is done in a die consisting of upper and lower parts to ensure a perfect shape. [&hellip;]","og_url":"https:\/\/frequent-gebr-hartkopf.aweos.dev\/en\/services\/forge\/","og_site_name":"Gebr. Hartkopf","article_modified_time":"2023-05-11T14:23:03+00:00","og_image":[{"width":1600,"height":686,"url":"https:\/\/frequent-gebr-hartkopf.aweos.dev\/wp-content\/uploads\/2023\/05\/schmieden-header-1.jpg","type":"image\/jpeg"}],"twitter_card":"summary_large_image","twitter_misc":{"Est. reading time":"2 minutes"},"schema":{"@context":"https:\/\/schema.org","@graph":[{"@type":"WebPage","@id":"https:\/\/frequent-gebr-hartkopf.aweos.dev\/en\/services\/forge\/","url":"https:\/\/frequent-gebr-hartkopf.aweos.dev\/en\/services\/forge\/","name":"Forge - Gebr. Hartkopf","isPartOf":{"@id":"https:\/\/frequent-gebr-hartkopf.aweos.dev\/en\/#website"},"primaryImageOfPage":{"@id":"https:\/\/frequent-gebr-hartkopf.aweos.dev\/en\/services\/forge\/#primaryimage"},"image":{"@id":"https:\/\/frequent-gebr-hartkopf.aweos.dev\/en\/services\/forge\/#primaryimage"},"thumbnailUrl":"https:\/\/frequent-gebr-hartkopf.aweos.dev\/wp-content\/uploads\/2023\/05\/schmieden-header-1.jpg","datePublished":"2021-11-03T10:04:36+00:00","dateModified":"2023-05-11T14:23:03+00:00","breadcrumb":{"@id":"https:\/\/frequent-gebr-hartkopf.aweos.dev\/en\/services\/forge\/#breadcrumb"},"inLanguage":"en-US","potentialAction":[{"@type":"ReadAction","target":["https:\/\/frequent-gebr-hartkopf.aweos.dev\/en\/services\/forge\/"]}]},{"@type":"ImageObject","inLanguage":"en-US","@id":"https:\/\/frequent-gebr-hartkopf.aweos.dev\/en\/services\/forge\/#primaryimage","url":"https:\/\/frequent-gebr-hartkopf.aweos.dev\/wp-content\/uploads\/2023\/05\/schmieden-header-1.jpg","contentUrl":"https:\/\/frequent-gebr-hartkopf.aweos.dev\/wp-content\/uploads\/2023\/05\/schmieden-header-1.jpg","width":1600,"height":686},{"@type":"BreadcrumbList","@id":"https:\/\/frequent-gebr-hartkopf.aweos.dev\/en\/services\/forge\/#breadcrumb","itemListElement":[{"@type":"ListItem","position":1,"name":"Home","item":"https:\/\/frequent-gebr-hartkopf.aweos.dev\/en\/startseite\/"},{"@type":"ListItem","position":2,"name":"Services","item":"https:\/\/frequent-gebr-hartkopf.aweos.dev\/en\/services\/"},{"@type":"ListItem","position":3,"name":"Forge"}]},{"@type":"WebSite","@id":"https:\/\/frequent-gebr-hartkopf.aweos.dev\/en\/#website","url":"https:\/\/frequent-gebr-hartkopf.aweos.dev\/en\/","name":"Gebr. Hartkopf","description":"Ihre Ideenschmiede !","potentialAction":[{"@type":"SearchAction","target":{"@type":"EntryPoint","urlTemplate":"https:\/\/frequent-gebr-hartkopf.aweos.dev\/en\/?s={search_term_string}"},"query-input":{"@type":"PropertyValueSpecification","valueRequired":true,"valueName":"search_term_string"}}],"inLanguage":"en-US"}]}},"_links":{"self":[{"href":"https:\/\/frequent-gebr-hartkopf.aweos.dev\/en\/wp-json\/wp\/v2\/pages\/898","targetHints":{"allow":["GET"]}}],"collection":[{"href":"https:\/\/frequent-gebr-hartkopf.aweos.dev\/en\/wp-json\/wp\/v2\/pages"}],"about":[{"href":"https:\/\/frequent-gebr-hartkopf.aweos.dev\/en\/wp-json\/wp\/v2\/types\/page"}],"author":[{"embeddable":true,"href":"https:\/\/frequent-gebr-hartkopf.aweos.dev\/en\/wp-json\/wp\/v2\/users\/1"}],"replies":[{"embeddable":true,"href":"https:\/\/frequent-gebr-hartkopf.aweos.dev\/en\/wp-json\/wp\/v2\/comments?post=898"}],"version-history":[{"count":15,"href":"https:\/\/frequent-gebr-hartkopf.aweos.dev\/en\/wp-json\/wp\/v2\/pages\/898\/revisions"}],"predecessor-version":[{"id":2769,"href":"https:\/\/frequent-gebr-hartkopf.aweos.dev\/en\/wp-json\/wp\/v2\/pages\/898\/revisions\/2769"}],"up":[{"embeddable":true,"href":"https:\/\/frequent-gebr-hartkopf.aweos.dev\/en\/wp-json\/wp\/v2\/pages\/928"}],"wp:featuredmedia":[{"embeddable":true,"href":"https:\/\/frequent-gebr-hartkopf.aweos.dev\/en\/wp-json\/wp\/v2\/media\/2767"}],"wp:attachment":[{"href":"https:\/\/frequent-gebr-hartkopf.aweos.dev\/en\/wp-json\/wp\/v2\/media?parent=898"}],"curies":[{"name":"wp","href":"https:\/\/api.w.org\/{rel}","templated":true}]}}