{"id":1394,"date":"2022-06-14T16:50:23","date_gmt":"2022-06-14T14:50:23","guid":{"rendered":"https:\/\/kirschner-und-sohn-2021-09-03.aw003.de\/?page_id=1394"},"modified":"2023-05-10T16:59:46","modified_gmt":"2023-05-10T14:59:46","slug":"control","status":"publish","type":"page","link":"https:\/\/frequent-gebr-hartkopf.aweos.dev\/en\/services\/control\/","title":{"rendered":"Control"},"content":{"rendered":"<p>[et_pb_section fb_built=&#8221;1&#8243; module_class=&#8221;ds-section bild-text-unterseite&#8221; _builder_version=&#8221;4.16&#8243; _module_preset=&#8221;default&#8221; global_colors_info=&#8221;{}&#8221;][et_pb_row column_structure=&#8221;1_2,1_2&#8243; _builder_version=&#8221;4.16&#8243; _module_preset=&#8221;default&#8221; global_colors_info=&#8221;{}&#8221;][et_pb_column type=&#8221;1_2&#8243; _builder_version=&#8221;4.16&#8243; _module_preset=&#8221;default&#8221; global_colors_info=&#8221;{}&#8221;][et_pb_text _builder_version=&#8221;4.21.0&#8243; _module_preset=&#8221;default&#8221; hover_enabled=&#8221;0&#8243; global_colors_info=&#8221;{}&#8221; sticky_enabled=&#8221;0&#8243;]<\/p>\n<h2>Control<\/h2>\n<p>Our company attaches great importance to high product quality and therefore works with a sophisticated quality management system, DIN EN 9001:2015. An important part of this is the spot check during ongoing production, which is documented. This enables us to ensure that our products always meet the high quality standards that our customers expect from us. However, in exceptional cases and at the customer&#8217;s request, we also carry out 100% final inspections. This comprehensive control guarantees our customers an even higher level of quality assurance and gives them the certainty that every single product meets the highest standards. Our qualified team of experienced employees carries out all controls carefully and professionally and documents all results precisely. This enables us to ensure that our quality standards are always met and that any deviations are identified and rectified at an early stage. Thanks to our consistent quality control, we are able to offer our customers a high level of product safety and reliability. We are proud to be able to prove to our customers time and again that they can rely on our product quality.[\/et_pb_text][\/et_pb_column][et_pb_column type=&#8221;1_2&#8243; _builder_version=&#8221;4.16&#8243; _module_preset=&#8221;default&#8221; global_colors_info=&#8221;{}&#8221;][et_pb_image src=&#8221;https:\/\/frequent-gebr-hartkopf.aweos.dev\/wp-content\/uploads\/2022\/11\/kontrolle.jpg&#8221; alt=&#8221;Abrichten Julius Kirschner &#038; Sohn&#8221; title_text=&#8221;kontrolle&#8221; module_class=&#8221;frontimage&#8221; _builder_version=&#8221;4.17.4&#8243; _module_preset=&#8221;default&#8221; global_colors_info=&#8221;{}&#8221;][\/et_pb_image][\/et_pb_column][\/et_pb_row][\/et_pb_section][et_pb_section fb_built=&#8221;1&#8243; admin_label=&#8221;Kontakt&#8221; module_id=&#8221;kontakt-sektion&#8221; module_class=&#8221;blue&#8221; _builder_version=&#8221;4.17.4&#8243; _module_preset=&#8221;default&#8221; global_module=&#8221;1751&#8243; global_colors_info=&#8221;{}&#8221;][et_pb_row column_structure=&#8221;1_2,1_2&#8243; module_class=&#8221;formular-row&#8221; _builder_version=&#8221;4.16&#8243; _module_preset=&#8221;default&#8221; global_colors_info=&#8221;{}&#8221;][et_pb_column type=&#8221;1_2&#8243; _builder_version=&#8221;4.16&#8243; _module_preset=&#8221;default&#8221; global_colors_info=&#8221;{}&#8221;][et_pb_text _builder_version=&#8221;4.17.4&#8243; _module_preset=&#8221;default&#8221; global_colors_info=&#8221;{}&#8221;]<\/p>\n<h3>NO-BINDING ADVICE<\/h3>\n<p>Contact us by phone or email. We look forward to your inquiry!<br \/>\n<a href=\"tel:+49212242220\" class=\"phone\">+49 (0)212 \/ 24 222 \u2013 0<\/a><a    class=\"kontakt mail-cloak-email\" href=\"#\" data-email-method=\"matrix\" data-email-value=\"lqir#kduwnrsi.gh\" data-email-mailto=\"pdlowr:lqir#kduwnrsi.gh\" data-email-default-character=\"*\" data-email-time=\"true\" data-email-delay=\"1\">****************<\/a><a href=\"https:\/\/goo.gl\/maps\/uMPg9pShco4K1QaZ9\" target=\"_blank\" class=\"location\" rel=\"noopener\">Bismarckstr. 18 \u2013 26, 42659 Solingen<\/a><br \/>\nTelefax: +49 (0)212 \/ 24 222 \u2013 99[\/et_pb_text][\/et_pb_column][et_pb_column type=&#8221;1_2&#8243; _builder_version=&#8221;4.16&#8243; _module_preset=&#8221;default&#8221; global_colors_info=&#8221;{}&#8221;][et_pb_code module_class=&#8221;form1&#8243; _builder_version=&#8221;4.17.4&#8243; _module_preset=&#8221;default&#8221; global_colors_info=&#8221;{}&#8221;]\n<div class=\"wpcf7 no-js\" id=\"wpcf7-f1508-o1\" lang=\"de-DE\" dir=\"ltr\" data-wpcf7-id=\"1508\">\n<div class=\"screen-reader-response\"><p role=\"status\" aria-live=\"polite\" aria-atomic=\"true\"><\/p> <ul><\/ul><\/div>\n<form action=\"\/en\/wp-json\/wp\/v2\/pages\/1394#wpcf7-f1508-o1\" method=\"post\" class=\"wpcf7-form init wpcf7-acceptance-as-validation\" aria-label=\"Kontaktformular\" novalidate=\"novalidate\" data-status=\"init\">\n<fieldset class=\"hidden-fields-container\"><input type=\"hidden\" name=\"_wpcf7\" value=\"1508\" \/><input type=\"hidden\" name=\"_wpcf7_version\" value=\"6.1.2\" \/><input type=\"hidden\" name=\"_wpcf7_locale\" value=\"de_DE\" \/><input type=\"hidden\" name=\"_wpcf7_unit_tag\" value=\"wpcf7-f1508-o1\" \/><input type=\"hidden\" name=\"_wpcf7_container_post\" value=\"0\" \/><input type=\"hidden\" name=\"_wpcf7_posted_data_hash\" value=\"\" \/>\n<\/fieldset>\n<h4>Request a consultation now\n<\/h4>\n<p class=\"person\">Our expert Thilo M\u00f6ller will get back to you as soon as possible.\n<\/p>\n<div class=\"wps-form\">\n\t<div class=\"wps-form-row\">\n\t\t<div class=\"wps-form-column kuerzer\">\n\t\t\t<p><label>Salutation*<\/label><span class=\"wpcf7-form-control-wrap\" data-name=\"menu-628\"><select class=\"wpcf7-form-control wpcf7-select wpcf7-validates-as-required\" aria-required=\"true\" aria-invalid=\"false\" name=\"menu-628\"><option value=\"\">Please select<\/option><option value=\"Mrs.\">Mrs.<\/option><option value=\"Mr.\">Mr.<\/option><option value=\"Divers\">Divers<\/option><\/select><\/span>\n\t\t\t<\/p>\n\t\t<\/div>\n\t\t<div class=\"wps-form-column\">\n\t\t\t<p><label>Your Name*<\/label><span class=\"wpcf7-form-control-wrap\" data-name=\"kundenname\"><input size=\"40\" maxlength=\"400\" class=\"wpcf7-form-control wpcf7-text wpcf7-validates-as-required\" aria-required=\"true\" aria-invalid=\"false\" placeholder=\"Max Mustermann\" value=\"\" type=\"text\" name=\"kundenname\" \/><\/span>\n\t\t\t<\/p>\n\t\t<\/div>\n\t<\/div>\n\t<div class=\"wps-form-row\">\n\t\t<div class=\"wps-form-column kuerzer\">\n\t\t\t<p><label>Your Mail*<\/label><span class=\"wpcf7-form-control-wrap\" data-name=\"your-email\"><input size=\"40\" maxlength=\"400\" class=\"wpcf7-form-control wpcf7-email wpcf7-validates-as-required wpcf7-text wpcf7-validates-as-email\" aria-required=\"true\" aria-invalid=\"false\" placeholder=\"mustermann@gmail.com\" value=\"\" type=\"email\" name=\"your-email\" \/><\/span>\n\t\t\t<\/p>\n\t\t<\/div>\n\t\t<div class=\"wps-form-column\">\n\t\t\t<p><label>Your Phonenumber<\/label><span class=\"wpcf7-form-control-wrap\" data-name=\"telefonnummer\"><input size=\"40\" maxlength=\"400\" class=\"wpcf7-form-control wpcf7-tel wpcf7-text wpcf7-validates-as-tel\" aria-invalid=\"false\" placeholder=\"0212 123456\" value=\"\" type=\"tel\" name=\"telefonnummer\" \/><\/span>\n\t\t\t<\/p>\n\t\t<\/div>\n\t<\/div>\n\t<div class=\"wps-form-row\">\n\t\t<div class=\"wps-form-column\">\n\t\t\t<p><label>Achievement*<\/label><span class=\"wpcf7-form-control-wrap\" data-name=\"menu-801\"><select class=\"wpcf7-form-control wpcf7-select wpcf7-validates-as-required\" aria-required=\"true\" aria-invalid=\"false\" name=\"menu-801\"><option value=\"\">Select an achievement<\/option><option value=\"Construction\">Construction<\/option><option value=\"Tool making\">Tool making<\/option><option value=\"Cleaving\">Cleaving<\/option><option value=\"Forging\">Forging<\/option><option value=\"Deburring\">Deburring<\/option><option value=\"Heat treatment\">Heat treatment<\/option><option value=\"Sandblasting\">Sandblasting<\/option><option value=\"Calibrating\">Calibrating<\/option><option value=\"Machining\">Machining<\/option><option value=\"Control\">Control<\/option><option value=\"Shipping\">Shipping<\/option><option value=\"Finance &amp; Human Resources\">Finance &amp; Human Resources<\/option><option value=\"Managing director\">Managing director<\/option><\/select><\/span>\n\t\t\t<\/p>\n\t\t<\/div>\n\t<\/div>\n\t<div class=\"wps-form-row\">\n\t\t<div class=\"wps-form-column\">\n\t\t\t<p><label>Your request<\/label><span class=\"wpcf7-form-control-wrap\" data-name=\"textarea-830\"><textarea cols=\"40\" rows=\"10\" maxlength=\"2000\" class=\"wpcf7-form-control wpcf7-textarea\" aria-invalid=\"false\" placeholder=\"Your request in detail ...\" name=\"textarea-830\"><\/textarea><\/span>\n\t\t\t<\/p>\n\t\t<\/div>\n\t<\/div>\n\t<div class=\"wps-form-row\">\n\t\t<div class=\"wps-form-column\">\n\t\t\t<p><span class=\"wpcf7-form-control-wrap\" data-name=\"acceptance-52\"><span class=\"wpcf7-form-control wpcf7-acceptance\"><span class=\"wpcf7-list-item\"><label><input type=\"checkbox\" name=\"acceptance-52\" value=\"1\" aria-invalid=\"false\" \/><span class=\"wpcf7-list-item-label\">I have read the <a target=\"_blank\" href=\"\/en\/datenschutzerklaerung\/\" title=\"Datenschutzerkl\u00e4rung \">Privacy Policy<\/a>.<\/span><\/label><\/span><\/span><\/span>\n\t\t\t<\/p>\n\t\t\t<p class=\"rechtstext\">All fields marked with an (*) are mandatory.\n\t\t\t<\/p>\n\t\t\t<p><span id=\"wpcf7-69d2ec55f29e9-wrapper\" class=\"wpcf7-form-control-wrap gebrueder-Hartkopf-wrap\" style=\"display:none !important; visibility:hidden !important;\"><label for=\"wpcf7-69d2ec55f29e9-field\" class=\"hp-message\">Bitte lasse dieses Feld leer.<\/label><input id=\"wpcf7-69d2ec55f29e9-field\"  class=\"wpcf7-form-control wpcf7-text\" type=\"text\" name=\"gebrueder-Hartkopf\" value=\"\" size=\"40\" tabindex=\"-1\" autocomplete=\"new-password\" \/><\/span><input class=\"wpcf7-form-control wpcf7-submit has-spinner\" type=\"submit\" value=\"Send request\" \/>\n\t\t\t<\/p>\n\t\t<\/div>\n\t<\/div>\n<\/div><div class=\"wpcf7-response-output\" aria-hidden=\"true\"><\/div>\n<\/form>\n<\/div>\n[\/et_pb_code][\/et_pb_column][\/et_pb_row][\/et_pb_section]<\/p>\n","protected":false},"excerpt":{"rendered":"<p>Control Our company attaches great importance to high product quality and therefore works with a sophisticated quality management system, DIN EN 9001:2015. An important part of this is the spot check during ongoing production, which is documented. This enables us to ensure that our products always meet the high quality standards that our customers expect [&hellip;]<\/p>\n","protected":false},"author":1,"featured_media":2471,"parent":928,"menu_order":0,"comment_status":"closed","ping_status":"closed","template":"unterseite.php","meta":{"_acf_changed":false,"_et_pb_use_builder":"on","_et_pb_old_content":"[et_pb_section fb_built=\"1\" module_class=\"ds-section bild-text-unterseite\" _builder_version=\"4.10.4\" _module_preset=\"default\" global_colors_info=\"{}\"][et_pb_row column_structure=\"1_2,1_2\" _builder_version=\"4.10.4\" _module_preset=\"default\" global_colors_info=\"{}\"][et_pb_column type=\"1_2\" _builder_version=\"4.10.4\" _module_preset=\"default\" global_colors_info=\"{}\"][et_pb_text _builder_version=\"4.10.4\" _module_preset=\"default\" hover_enabled=\"0\" global_colors_info=\"{}\" sticky_enabled=\"0\"]<h2>Kontrolle<\/h2>\r\nDas Abrichten der geh\u00e4rteten Rohlinge dient der Geradheit der Rohlinge.\r\nIm letzten Schritt werden die Klingen eine Kontrolle auf Klingen und Griff Geradheit vollzogen.[\/et_pb_text][\/et_pb_column][et_pb_column type=\"1_2\" _builder_version=\"4.10.4\" _module_preset=\"default\" global_colors_info=\"{}\"][et_pb_image src=\"https:\/\/frequent-gebr-hartkopf.aweos.dev\/wp-content\/uploads\/2021\/10\/spalten.jpg\" alt=\"Spalten Julius Kirschner & Sohn\" title_text=\"Spalten Julius Kirschner & Sohn\" module_class=\"frontimage\" _builder_version=\"4.10.4\" _module_preset=\"default\" global_colors_info=\"{}\"][\/et_pb_image][\/et_pb_column][\/et_pb_row][\/et_pb_section][et_pb_section fb_built=\"1\" admin_label=\"Kontakt\" module_id=\"kontakt-sektion\" module_class=\"ds-section blue\" _builder_version=\"4.10.4\" _module_preset=\"default\" global_colors_info=\"{}\"][et_pb_row column_structure=\"1_2,1_2\" module_class=\"formular-row\" _builder_version=\"4.10.4\" _module_preset=\"default\" global_colors_info=\"{}\"][et_pb_column type=\"1_2\" _builder_version=\"4.10.4\" _module_preset=\"default\" global_colors_info=\"{}\"][et_pb_text _builder_version=\"4.10.4\" _module_preset=\"default\" global_colors_info=\"{}\"]<h3>Unverbindliche Beratung<\/h3>\r\nKontaktieren Sie uns telefonisch oder per Mail. Wir freuen uns auf Ihre Anfrage!\r\n<a href=\"tel:+492122481280\" class=\"phone\">+49(0)212 \/ 248128-0<\/a><a href=\"mailto:info@juliuskirschner.de\" class=\"kontakt\">info@juliuskirschner.de<\/a><a href=\"https:\/\/goo.gl\/maps\/iwpdik1JA9hLzMWn6\" target=\"_blank\" class=\"location\" rel=\"noopener\">L\u00fcneschlo\u00dfstra\u00dfe 87, 42657 Solingen<\/a>\r\nTelefax: +49(0)212 \/ 248128-0[\/et_pb_text][\/et_pb_column][et_pb_column type=\"1_2\" _builder_version=\"4.10.4\" _module_preset=\"default\" global_colors_info=\"{}\"][et_pb_code module_class=\"form1\" _builder_version=\"4.10.4\" _module_preset=\"default\" global_colors_info=\"{}\"][contact-form-7 id=\"14\" title=\"Kontaktformular 1\"][\/et_pb_code][\/et_pb_column][\/et_pb_row][\/et_pb_section]","_et_gb_content_width":"","inline_featured_image":false,"footnotes":""},"class_list":["post-1394","page","type-page","status-publish","has-post-thumbnail","hentry"],"acf":[],"yoast_head":"<!-- This site is optimized with the Yoast SEO plugin v26.1.1 - https:\/\/yoast.com\/wordpress\/plugins\/seo\/ -->\n<title>Control - Gebr. Hartkopf<\/title>\n<meta name=\"robots\" content=\"index, follow, max-snippet:-1, max-image-preview:large, max-video-preview:-1\" \/>\n<link rel=\"canonical\" href=\"https:\/\/frequent-gebr-hartkopf.aweos.dev\/en\/services\/control\/\" \/>\n<meta property=\"og:locale\" content=\"en_US\" \/>\n<meta property=\"og:type\" content=\"article\" \/>\n<meta property=\"og:title\" content=\"Control - Gebr. Hartkopf\" \/>\n<meta property=\"og:description\" content=\"Control Our company attaches great importance to high product quality and therefore works with a sophisticated quality management system, DIN EN 9001:2015. An important part of this is the spot check during ongoing production, which is documented. This enables us to ensure that our products always meet the high quality standards that our customers expect [&hellip;]\" \/>\n<meta property=\"og:url\" content=\"https:\/\/frequent-gebr-hartkopf.aweos.dev\/en\/services\/control\/\" \/>\n<meta property=\"og:site_name\" content=\"Gebr. Hartkopf\" \/>\n<meta property=\"article:modified_time\" content=\"2023-05-10T14:59:46+00:00\" \/>\n<meta property=\"og:image\" content=\"https:\/\/frequent-gebr-hartkopf.aweos.dev\/wp-content\/uploads\/2023\/05\/kontrolle-header-1.jpg\" \/>\n\t<meta property=\"og:image:width\" content=\"1600\" \/>\n\t<meta property=\"og:image:height\" content=\"686\" \/>\n\t<meta property=\"og:image:type\" content=\"image\/jpeg\" \/>\n<meta name=\"twitter:card\" content=\"summary_large_image\" \/>\n<meta name=\"twitter:label1\" content=\"Est. reading time\" \/>\n\t<meta name=\"twitter:data1\" content=\"1 minute\" \/>\n<script type=\"application\/ld+json\" class=\"yoast-schema-graph\">{\"@context\":\"https:\/\/schema.org\",\"@graph\":[{\"@type\":\"WebPage\",\"@id\":\"https:\/\/frequent-gebr-hartkopf.aweos.dev\/en\/services\/control\/\",\"url\":\"https:\/\/frequent-gebr-hartkopf.aweos.dev\/en\/services\/control\/\",\"name\":\"Control - Gebr. Hartkopf\",\"isPartOf\":{\"@id\":\"https:\/\/frequent-gebr-hartkopf.aweos.dev\/en\/#website\"},\"primaryImageOfPage\":{\"@id\":\"https:\/\/frequent-gebr-hartkopf.aweos.dev\/en\/services\/control\/#primaryimage\"},\"image\":{\"@id\":\"https:\/\/frequent-gebr-hartkopf.aweos.dev\/en\/services\/control\/#primaryimage\"},\"thumbnailUrl\":\"https:\/\/frequent-gebr-hartkopf.aweos.dev\/wp-content\/uploads\/2023\/05\/kontrolle-header-1.jpg\",\"datePublished\":\"2022-06-14T14:50:23+00:00\",\"dateModified\":\"2023-05-10T14:59:46+00:00\",\"breadcrumb\":{\"@id\":\"https:\/\/frequent-gebr-hartkopf.aweos.dev\/en\/services\/control\/#breadcrumb\"},\"inLanguage\":\"en-US\",\"potentialAction\":[{\"@type\":\"ReadAction\",\"target\":[\"https:\/\/frequent-gebr-hartkopf.aweos.dev\/en\/services\/control\/\"]}]},{\"@type\":\"ImageObject\",\"inLanguage\":\"en-US\",\"@id\":\"https:\/\/frequent-gebr-hartkopf.aweos.dev\/en\/services\/control\/#primaryimage\",\"url\":\"https:\/\/frequent-gebr-hartkopf.aweos.dev\/wp-content\/uploads\/2023\/05\/kontrolle-header-1.jpg\",\"contentUrl\":\"https:\/\/frequent-gebr-hartkopf.aweos.dev\/wp-content\/uploads\/2023\/05\/kontrolle-header-1.jpg\",\"width\":1600,\"height\":686,\"caption\":\"Kontrolle\"},{\"@type\":\"BreadcrumbList\",\"@id\":\"https:\/\/frequent-gebr-hartkopf.aweos.dev\/en\/services\/control\/#breadcrumb\",\"itemListElement\":[{\"@type\":\"ListItem\",\"position\":1,\"name\":\"Home\",\"item\":\"https:\/\/frequent-gebr-hartkopf.aweos.dev\/en\/startseite\/\"},{\"@type\":\"ListItem\",\"position\":2,\"name\":\"Services\",\"item\":\"https:\/\/frequent-gebr-hartkopf.aweos.dev\/en\/services\/\"},{\"@type\":\"ListItem\",\"position\":3,\"name\":\"Control\"}]},{\"@type\":\"WebSite\",\"@id\":\"https:\/\/frequent-gebr-hartkopf.aweos.dev\/en\/#website\",\"url\":\"https:\/\/frequent-gebr-hartkopf.aweos.dev\/en\/\",\"name\":\"Gebr. Hartkopf\",\"description\":\"Ihre Ideenschmiede !\",\"potentialAction\":[{\"@type\":\"SearchAction\",\"target\":{\"@type\":\"EntryPoint\",\"urlTemplate\":\"https:\/\/frequent-gebr-hartkopf.aweos.dev\/en\/?s={search_term_string}\"},\"query-input\":{\"@type\":\"PropertyValueSpecification\",\"valueRequired\":true,\"valueName\":\"search_term_string\"}}],\"inLanguage\":\"en-US\"}]}<\/script>\n<!-- \/ Yoast SEO plugin. -->","yoast_head_json":{"title":"Control - Gebr. Hartkopf","robots":{"index":"index","follow":"follow","max-snippet":"max-snippet:-1","max-image-preview":"max-image-preview:large","max-video-preview":"max-video-preview:-1"},"canonical":"https:\/\/frequent-gebr-hartkopf.aweos.dev\/en\/services\/control\/","og_locale":"en_US","og_type":"article","og_title":"Control - Gebr. Hartkopf","og_description":"Control Our company attaches great importance to high product quality and therefore works with a sophisticated quality management system, DIN EN 9001:2015. An important part of this is the spot check during ongoing production, which is documented. This enables us to ensure that our products always meet the high quality standards that our customers expect [&hellip;]","og_url":"https:\/\/frequent-gebr-hartkopf.aweos.dev\/en\/services\/control\/","og_site_name":"Gebr. Hartkopf","article_modified_time":"2023-05-10T14:59:46+00:00","og_image":[{"width":1600,"height":686,"url":"https:\/\/frequent-gebr-hartkopf.aweos.dev\/wp-content\/uploads\/2023\/05\/kontrolle-header-1.jpg","type":"image\/jpeg"}],"twitter_card":"summary_large_image","twitter_misc":{"Est. reading time":"1 minute"},"schema":{"@context":"https:\/\/schema.org","@graph":[{"@type":"WebPage","@id":"https:\/\/frequent-gebr-hartkopf.aweos.dev\/en\/services\/control\/","url":"https:\/\/frequent-gebr-hartkopf.aweos.dev\/en\/services\/control\/","name":"Control - Gebr. Hartkopf","isPartOf":{"@id":"https:\/\/frequent-gebr-hartkopf.aweos.dev\/en\/#website"},"primaryImageOfPage":{"@id":"https:\/\/frequent-gebr-hartkopf.aweos.dev\/en\/services\/control\/#primaryimage"},"image":{"@id":"https:\/\/frequent-gebr-hartkopf.aweos.dev\/en\/services\/control\/#primaryimage"},"thumbnailUrl":"https:\/\/frequent-gebr-hartkopf.aweos.dev\/wp-content\/uploads\/2023\/05\/kontrolle-header-1.jpg","datePublished":"2022-06-14T14:50:23+00:00","dateModified":"2023-05-10T14:59:46+00:00","breadcrumb":{"@id":"https:\/\/frequent-gebr-hartkopf.aweos.dev\/en\/services\/control\/#breadcrumb"},"inLanguage":"en-US","potentialAction":[{"@type":"ReadAction","target":["https:\/\/frequent-gebr-hartkopf.aweos.dev\/en\/services\/control\/"]}]},{"@type":"ImageObject","inLanguage":"en-US","@id":"https:\/\/frequent-gebr-hartkopf.aweos.dev\/en\/services\/control\/#primaryimage","url":"https:\/\/frequent-gebr-hartkopf.aweos.dev\/wp-content\/uploads\/2023\/05\/kontrolle-header-1.jpg","contentUrl":"https:\/\/frequent-gebr-hartkopf.aweos.dev\/wp-content\/uploads\/2023\/05\/kontrolle-header-1.jpg","width":1600,"height":686,"caption":"Kontrolle"},{"@type":"BreadcrumbList","@id":"https:\/\/frequent-gebr-hartkopf.aweos.dev\/en\/services\/control\/#breadcrumb","itemListElement":[{"@type":"ListItem","position":1,"name":"Home","item":"https:\/\/frequent-gebr-hartkopf.aweos.dev\/en\/startseite\/"},{"@type":"ListItem","position":2,"name":"Services","item":"https:\/\/frequent-gebr-hartkopf.aweos.dev\/en\/services\/"},{"@type":"ListItem","position":3,"name":"Control"}]},{"@type":"WebSite","@id":"https:\/\/frequent-gebr-hartkopf.aweos.dev\/en\/#website","url":"https:\/\/frequent-gebr-hartkopf.aweos.dev\/en\/","name":"Gebr. Hartkopf","description":"Ihre Ideenschmiede !","potentialAction":[{"@type":"SearchAction","target":{"@type":"EntryPoint","urlTemplate":"https:\/\/frequent-gebr-hartkopf.aweos.dev\/en\/?s={search_term_string}"},"query-input":{"@type":"PropertyValueSpecification","valueRequired":true,"valueName":"search_term_string"}}],"inLanguage":"en-US"}]}},"_links":{"self":[{"href":"https:\/\/frequent-gebr-hartkopf.aweos.dev\/en\/wp-json\/wp\/v2\/pages\/1394","targetHints":{"allow":["GET"]}}],"collection":[{"href":"https:\/\/frequent-gebr-hartkopf.aweos.dev\/en\/wp-json\/wp\/v2\/pages"}],"about":[{"href":"https:\/\/frequent-gebr-hartkopf.aweos.dev\/en\/wp-json\/wp\/v2\/types\/page"}],"author":[{"embeddable":true,"href":"https:\/\/frequent-gebr-hartkopf.aweos.dev\/en\/wp-json\/wp\/v2\/users\/1"}],"replies":[{"embeddable":true,"href":"https:\/\/frequent-gebr-hartkopf.aweos.dev\/en\/wp-json\/wp\/v2\/comments?post=1394"}],"version-history":[{"count":11,"href":"https:\/\/frequent-gebr-hartkopf.aweos.dev\/en\/wp-json\/wp\/v2\/pages\/1394\/revisions"}],"predecessor-version":[{"id":2737,"href":"https:\/\/frequent-gebr-hartkopf.aweos.dev\/en\/wp-json\/wp\/v2\/pages\/1394\/revisions\/2737"}],"up":[{"embeddable":true,"href":"https:\/\/frequent-gebr-hartkopf.aweos.dev\/en\/wp-json\/wp\/v2\/pages\/928"}],"wp:featuredmedia":[{"embeddable":true,"href":"https:\/\/frequent-gebr-hartkopf.aweos.dev\/en\/wp-json\/wp\/v2\/media\/2471"}],"wp:attachment":[{"href":"https:\/\/frequent-gebr-hartkopf.aweos.dev\/en\/wp-json\/wp\/v2\/media?parent=1394"}],"curies":[{"name":"wp","href":"https:\/\/api.w.org\/{rel}","templated":true}]}}